{"id":267,"date":"2015-09-30T11:11:23","date_gmt":"2015-09-30T09:11:23","guid":{"rendered":"https:\/\/www.ssp-law.de\/start\/?lang=en"},"modified":"2022-02-22T13:17:24","modified_gmt":"2022-02-22T12:17:24","slug":"ssp-law-rechtsanwaelte-steuerberater-und-wirtschaftspruefer","status":"publish","type":"page","link":"https:\/\/www.ssp-law.de\/en\/","title":{"rendered":"SSP-LAW"},"content":{"rendered":"<p>SSP-LAW is an interdisciplinary association of attorneys, tax advisors and auditors.<\/p>\n<p>The association specializes in high-toned yet solution-oriented business-law and tax-law consulting for corporations and entrepreneurs with regard to all kinds of commercial law issues, whether related to transactions, corporate structuring or liability questions.<\/p>\n<p>We claim the highest degree of professionalism and quality and are committed to provide individual, creative and solution-oriented counseling to our clients. Being an independent association of business oriented and entrepreneurial attorneys, tax advisors and auditors we meet these high requirements by assigning experienced specialist teams to the task.<\/p>\n<p>&nbsp;<\/p>\n","protected":false},"excerpt":{"rendered":"<p>SSP-LAW is an interdisciplinary association of attorneys, tax advisors and auditors. The association specializes in high-toned yet solution-oriented business-law and tax-law consulting for corporations and entrepreneurs with regard to all kinds of commercial law issues, whether related to transactions, corporate structuring or liability questions. We claim the highest degree of professionalism and quality and are &hellip;<\/p>\n","protected":false},"author":1,"featured_media":0,"parent":0,"menu_order":4,"comment_status":"closed","ping_status":"closed","template":"","meta":{"_acf_changed":false,"footnotes":""},"class_list":["post-267","page","type-page","status-publish","hentry"],"acf":[],"yoast_head":"<!-- This site is optimized with the Yoast SEO plugin v25.6 - https:\/\/yoast.com\/wordpress\/plugins\/seo\/ -->\n<title>SSP-LAW I Rechtsanw\u00e4lte, Steuerberater, Wirtschaftspr\u00fcfer I D\u00fcsseldorf<\/title>\n<meta name=\"description\" content=\"SSP-LAW ist eine interdisziplin\u00e4r t\u00e4tige Gesellschaft aus Rechtsanw\u00e4lten, Steuerberatern und Wirtschaftspr\u00fcfern mit Sitz in D\u00fcsseldorf.\" \/>\n<meta name=\"robots\" content=\"index, follow, max-snippet:-1, max-image-preview:large, max-video-preview:-1\" \/>\n<link rel=\"canonical\" href=\"https:\/\/www.ssp-law.de\/en\/\" \/>\n<meta property=\"og:locale\" content=\"en_US\" \/>\n<meta property=\"og:type\" content=\"article\" \/>\n<meta property=\"og:title\" content=\"SSP-LAW I Rechtsanw\u00e4lte, Steuerberater, Wirtschaftspr\u00fcfer I D\u00fcsseldorf\" \/>\n<meta property=\"og:description\" content=\"SSP-LAW ist eine interdisziplin\u00e4r t\u00e4tige Gesellschaft aus Rechtsanw\u00e4lten, Steuerberatern und Wirtschaftspr\u00fcfern mit Sitz in D\u00fcsseldorf.\" \/>\n<meta property=\"og:url\" content=\"https:\/\/www.ssp-law.de\/en\/\" \/>\n<meta property=\"og:site_name\" content=\"SSP-LAW\" \/>\n<meta property=\"article:modified_time\" content=\"2022-02-22T12:17:24+00:00\" \/>\n<meta name=\"twitter:card\" content=\"summary_large_image\" \/>\n<script type=\"application\/ld+json\" class=\"yoast-schema-graph\">{\"@context\":\"https:\/\/schema.org\",\"@graph\":[{\"@type\":\"WebPage\",\"@id\":\"https:\/\/www.ssp-law.de\/en\/\",\"url\":\"https:\/\/www.ssp-law.de\/en\/\",\"name\":\"SSP-LAW I Rechtsanw\u00e4lte, Steuerberater, Wirtschaftspr\u00fcfer I D\u00fcsseldorf\",\"isPartOf\":{\"@id\":\"https:\/\/www.ssp-law.de\/#website\"},\"datePublished\":\"2015-09-30T09:11:23+00:00\",\"dateModified\":\"2022-02-22T12:17:24+00:00\",\"description\":\"SSP-LAW ist eine interdisziplin\u00e4r t\u00e4tige Gesellschaft aus Rechtsanw\u00e4lten, Steuerberatern und Wirtschaftspr\u00fcfern mit Sitz in D\u00fcsseldorf.\",\"breadcrumb\":{\"@id\":\"https:\/\/www.ssp-law.de\/en\/#breadcrumb\"},\"inLanguage\":\"en-US\",\"potentialAction\":[{\"@type\":\"ReadAction\",\"target\":[\"https:\/\/www.ssp-law.de\/en\/\"]}]},{\"@type\":\"BreadcrumbList\",\"@id\":\"https:\/\/www.ssp-law.de\/en\/#breadcrumb\",\"itemListElement\":[{\"@type\":\"ListItem\",\"position\":1,\"name\":\"Startseite\",\"item\":\"https:\/\/www.ssp-law.de\/en\/\"},{\"@type\":\"ListItem\",\"position\":2,\"name\":\"SSP-LAW\"}]},{\"@type\":\"WebSite\",\"@id\":\"https:\/\/www.ssp-law.de\/#website\",\"url\":\"https:\/\/www.ssp-law.de\/\",\"name\":\"SSP-LAW\",\"description\":\"Rechtsanw\u00e4lte, Steuerberater, Wirtschaftspr\u00fcfer\",\"potentialAction\":[{\"@type\":\"SearchAction\",\"target\":{\"@type\":\"EntryPoint\",\"urlTemplate\":\"https:\/\/www.ssp-law.de\/?s={search_term_string}\"},\"query-input\":{\"@type\":\"PropertyValueSpecification\",\"valueRequired\":true,\"valueName\":\"search_term_string\"}}],\"inLanguage\":\"en-US\"}]}<\/script>\n<!-- \/ Yoast SEO plugin. -->","yoast_head_json":{"title":"SSP-LAW I Rechtsanw\u00e4lte, Steuerberater, Wirtschaftspr\u00fcfer I D\u00fcsseldorf","description":"SSP-LAW ist eine interdisziplin\u00e4r t\u00e4tige Gesellschaft aus Rechtsanw\u00e4lten, Steuerberatern und Wirtschaftspr\u00fcfern mit Sitz in D\u00fcsseldorf.","robots":{"index":"index","follow":"follow","max-snippet":"max-snippet:-1","max-image-preview":"max-image-preview:large","max-video-preview":"max-video-preview:-1"},"canonical":"https:\/\/www.ssp-law.de\/en\/","og_locale":"en_US","og_type":"article","og_title":"SSP-LAW I Rechtsanw\u00e4lte, Steuerberater, Wirtschaftspr\u00fcfer I D\u00fcsseldorf","og_description":"SSP-LAW ist eine interdisziplin\u00e4r t\u00e4tige Gesellschaft aus Rechtsanw\u00e4lten, Steuerberatern und Wirtschaftspr\u00fcfern mit Sitz in D\u00fcsseldorf.","og_url":"https:\/\/www.ssp-law.de\/en\/","og_site_name":"SSP-LAW","article_modified_time":"2022-02-22T12:17:24+00:00","twitter_card":"summary_large_image","schema":{"@context":"https:\/\/schema.org","@graph":[{"@type":"WebPage","@id":"https:\/\/www.ssp-law.de\/en\/","url":"https:\/\/www.ssp-law.de\/en\/","name":"SSP-LAW I Rechtsanw\u00e4lte, Steuerberater, Wirtschaftspr\u00fcfer I D\u00fcsseldorf","isPartOf":{"@id":"https:\/\/www.ssp-law.de\/#website"},"datePublished":"2015-09-30T09:11:23+00:00","dateModified":"2022-02-22T12:17:24+00:00","description":"SSP-LAW ist eine interdisziplin\u00e4r t\u00e4tige Gesellschaft aus Rechtsanw\u00e4lten, Steuerberatern und Wirtschaftspr\u00fcfern mit Sitz in D\u00fcsseldorf.","breadcrumb":{"@id":"https:\/\/www.ssp-law.de\/en\/#breadcrumb"},"inLanguage":"en-US","potentialAction":[{"@type":"ReadAction","target":["https:\/\/www.ssp-law.de\/en\/"]}]},{"@type":"BreadcrumbList","@id":"https:\/\/www.ssp-law.de\/en\/#breadcrumb","itemListElement":[{"@type":"ListItem","position":1,"name":"Startseite","item":"https:\/\/www.ssp-law.de\/en\/"},{"@type":"ListItem","position":2,"name":"SSP-LAW"}]},{"@type":"WebSite","@id":"https:\/\/www.ssp-law.de\/#website","url":"https:\/\/www.ssp-law.de\/","name":"SSP-LAW","description":"Rechtsanw\u00e4lte, Steuerberater, Wirtschaftspr\u00fcfer","potentialAction":[{"@type":"SearchAction","target":{"@type":"EntryPoint","urlTemplate":"https:\/\/www.ssp-law.de\/?s={search_term_string}"},"query-input":{"@type":"PropertyValueSpecification","valueRequired":true,"valueName":"search_term_string"}}],"inLanguage":"en-US"}]}},"_links":{"self":[{"href":"https:\/\/www.ssp-law.de\/en\/wp-json\/wp\/v2\/pages\/267","targetHints":{"allow":["GET"]}}],"collection":[{"href":"https:\/\/www.ssp-law.de\/en\/wp-json\/wp\/v2\/pages"}],"about":[{"href":"https:\/\/www.ssp-law.de\/en\/wp-json\/wp\/v2\/types\/page"}],"author":[{"embeddable":true,"href":"https:\/\/www.ssp-law.de\/en\/wp-json\/wp\/v2\/users\/1"}],"replies":[{"embeddable":true,"href":"https:\/\/www.ssp-law.de\/en\/wp-json\/wp\/v2\/comments?post=267"}],"version-history":[{"count":5,"href":"https:\/\/www.ssp-law.de\/en\/wp-json\/wp\/v2\/pages\/267\/revisions"}],"predecessor-version":[{"id":987,"href":"https:\/\/www.ssp-law.de\/en\/wp-json\/wp\/v2\/pages\/267\/revisions\/987"}],"wp:attachment":[{"href":"https:\/\/www.ssp-law.de\/en\/wp-json\/wp\/v2\/media?parent=267"}],"curies":[{"name":"wp","href":"https:\/\/api.w.org\/{rel}","templated":true}]}}